{"id":1142,"date":"2017-11-10T17:42:22","date_gmt":"2017-11-10T17:42:22","guid":{"rendered":"http:\/\/riadsnan13.net\/\/?page_id=1142"},"modified":"2022-11-08T09:57:02","modified_gmt":"2022-11-08T09:57:02","slug":"condiciones-de-reserva","status":"publish","type":"page","link":"https:\/\/riadsnan13.com\/es\/condiciones-de-reserva\/","title":{"rendered":"Condiciones de Reserva"},"content":{"rendered":"<div class=\"lpb-clear-section\"><\/div><!-- .lpb-clear-section -->\n\n<div class=\"lpb-section parallax-no text-dark row-stretch-default columns-gap-default equal-height-no padding-top-no padding-bottom-yes margin-bottom-yes has-bg\" style=\"background-color:#ffffff;\"  data-stretch=\"full\" data-x=\"50%\"><!-- .lpb-section -->\n\n<div class=\"lpb-page-row\"><!-- .lpb-page-row -->\n<div class=\"lpb-container\"><!-- .lpb-container -->\n<div class=\"lpb-row\"><!-- .lpb-row -->\n\n<div class=\"lpb-col-3 empty-column has-bg\" ><!-- .lpb-page-item -->\n<\/div><!-- \/.lpb-page-item -->\n<div class=\"lpb-col-6 lpb-page-item has-bg\" ><!-- .lpb-page-item -->\n\n<div class=\"lpb-item-column\" >\n\t<div class=\"lpb-item-content\"><p><strong>POL\u00cdTICA DE PRECIOS<\/strong><\/p>\n<p>Nuestros precios deben considerarse por habitaci\u00f3n y noche, con una ocupaci\u00f3n de una o dos personass y desayuno, incluyendo el IVA de 10% y excluyendo las tasa communal y turistica. Una tasa comunal de s\u00e9jour de 15 dh por noche y persona deber\u00e1 agregarse a la tarifa de la habitaci\u00f3n, as\u00ed como la Tasa de Promoci\u00f3n Tur\u00edstica de 11 dh por noche y  por persona, es decir un total de  2,4 \u20ac. Estas tasas ser\u00e1n integramente revertidas a la Commune de Marrakech y a l\u2019Office National Marocain du Tourisme.<\/p>\n<p><strong>POL\u00cdTICA DE CANCELACI\u00d3N<\/strong><\/p>\n<p>Habiendo tomado nota de los datos de su tarjeta de cr\u00e9dito, la reserva podr\u00eda cancelarse hasta 15 d\u00edas antes del d\u00eda de su llegada sin implicar gastos de cancelaci\u00f3n.Snan13 tendr\u00e1 el derecho de cargar el 50% del importe total de su reserva en caso de cancelarla durante los \u00faltimos 15 d\u00edas antes de su llegada o en caso de no presentarse Usted el d\u00eda previsto.No show fee: 50% del total de su reserva. Salida anticipada: 50% de la reserva cancelada.Todas las reservas deber\u00e1n estar garantizadas por una tarjeta de cr\u00e9dito v\u00e1lida.<\/p>\n<p>En el caso en que, por cualquier motivo t\u00e9cnico, una habitaci\u00f3n reservada no estuviera m\u00e1s disponible, Riad Snan13 asignar\u00e1 otra habitaci\u00f3n al cliente, de la misma categor\u00eda o superior, manteniendo el precio e informar\u00e1 anticipadamente al cliente de dicho cambio.<\/p>\n<\/div>\n<\/div>\n<\/div><!-- \/.lpb-page-item -->\n<div class=\"lpb-col-3 empty-column has-bg\" ><!-- .lpb-page-item -->\n<\/div><!-- \/.lpb-page-item -->\n<\/div><!-- \/.lpb-row -->\n<\/div><!-- \/.lpb-container -->\n<\/div><!-- \/.lpb-page-row -->\n\n<\/div><!-- \/.lpb-section -->\n\n","protected":false},"excerpt":{"rendered":"<p>POL\u00cdTICA DE PRECIOS Nuestros precios deben considerarse por habitaci\u00f3n y noche, con una ocupaci\u00f3n de una o dos personass y desayuno, incluyendo el IVA de 10% y excluyendo las tasa communal y turistica. Una tasa comunal de s\u00e9jour de 15 dh por noche y persona deber\u00e1 agregarse a la tarifa de la habitaci\u00f3n, as\u00ed como [&hellip;]<\/p>\n","protected":false},"author":1,"featured_media":0,"parent":0,"menu_order":0,"comment_status":"closed","ping_status":"closed","template":"","meta":{"nf_dc_page":"","inline_featured_image":false,"footnotes":""},"class_list":["post-1142","page","type-page","status-publish","hentry"],"jetpack_sharing_enabled":true,"_links":{"self":[{"href":"https:\/\/riadsnan13.com\/es\/wp-json\/wp\/v2\/pages\/1142","targetHints":{"allow":["GET"]}}],"collection":[{"href":"https:\/\/riadsnan13.com\/es\/wp-json\/wp\/v2\/pages"}],"about":[{"href":"https:\/\/riadsnan13.com\/es\/wp-json\/wp\/v2\/types\/page"}],"author":[{"embeddable":true,"href":"https:\/\/riadsnan13.com\/es\/wp-json\/wp\/v2\/users\/1"}],"replies":[{"embeddable":true,"href":"https:\/\/riadsnan13.com\/es\/wp-json\/wp\/v2\/comments?post=1142"}],"version-history":[{"count":6,"href":"https:\/\/riadsnan13.com\/es\/wp-json\/wp\/v2\/pages\/1142\/revisions"}],"predecessor-version":[{"id":4509,"href":"https:\/\/riadsnan13.com\/es\/wp-json\/wp\/v2\/pages\/1142\/revisions\/4509"}],"wp:attachment":[{"href":"https:\/\/riadsnan13.com\/es\/wp-json\/wp\/v2\/media?parent=1142"}],"curies":[{"name":"wp","href":"https:\/\/api.w.org\/{rel}","templated":true}]}}