{"id":1405,"date":"2017-10-05T15:22:48","date_gmt":"2017-10-05T15:22:48","guid":{"rendered":"http:\/\/riadsnan13.com\/location\/"},"modified":"2018-07-05T10:59:39","modified_gmt":"2018-07-05T10:59:39","slug":"ubicacion","status":"publish","type":"page","link":"https:\/\/riadsnan13.com\/es\/ubicacion\/","title":{"rendered":"Situaci\u00f3n y acceso"},"content":{"rendered":"<div class=\"lpb-clear-section\"><\/div><!-- .lpb-clear-section -->\n\n<div class=\"lpb-section parallax-no text-dark row-stretch-default columns-gap-default equal-height-no padding-top-yes padding-bottom-yes margin-bottom-no has-bg\" style=\"background-color:#fcf4ef;\"  data-stretch=\"full\" data-x=\"50%\"><!-- .lpb-section -->\n\n<div class=\"lpb-page-row\"><!-- .lpb-page-row -->\n<div class=\"lpb-container\"><!-- .lpb-container -->\n<div class=\"lpb-row\"><!-- .lpb-row -->\n\n<div class=\"lpb-col-6 lpb-page-item has-bg\" id=\"map\"><!-- .lpb-page-item -->\n\n<div class=\"map-canvas-wrapper\" data-lat=\"31.629761\" data-lng=\"-7.9906976\" data-zoom=\"15\" data-marker=\"marker-yes\">\n\n\t<div class=\"map-canvas normal\"><\/div>\n\n<\/div>\n<\/div><!-- \/.lpb-page-item -->\n<div class=\"lpb-col-6 lpb-page-item has-bg\" ><!-- .lpb-page-item -->\n\n<div class=\"lpb-item-column\" style=\"padding:0px 60px;\">\n\t<div class=\"lpb-item-content\"><p><em><\/p>\n<div class=\"big\">\n<h1>\u00bfD\u00d3NDE ESTAMOS?<\/h1>\n<p>Nos encontramos en Mouassine. El barrio m\u00e1s tradicional y antiguo de Marrakech.<br \/>\nA 100 metros de la entrada de los espectaculares zocos de Marrakech y a 4 minutos del centro neur\u00e1lgico de la Medina: La Place Jemaa el Fna. De ah\u00ed que consideremos el Riad Snan13 un verdadero oasis de paz en medio del bullicio. <\/p>\n<p>Snan13 est\u00e1 muy bien comunicado porque, a la vez, nos encontramos a una distancia muy corta (300 metros) de una de las entradas de la Medina, la Puerta Bab Laksour. A esa puerta se puede llegar en taxi y, de all\u00ed hasta el Riad Snan13, hay s\u00f3lo un corto paseo de 3 minutos.<\/p><\/div>\n<p><\/em><\/p>\n<\/div>\n<\/div>\n<\/div><!-- \/.lpb-page-item -->\n\n<\/div><!-- \/.lpb-row -->\n<\/div><!-- \/.lpb-container -->\n<\/div><!-- \/.lpb-page-row -->\n\n<div class=\"lpb-page-row\"><!-- .lpb-page-row -->\n<div class=\"lpb-container\"><!-- .lpb-container -->\n<div class=\"lpb-row\"><!-- .lpb-row -->\n\n<div class=\"lpb-col-6 lpb-page-item has-bg\" ><!-- .lpb-page-item -->\n\n<div class=\"lpb-item-column\" style=\"padding:0px 60px;\">\n\t<div class=\"lpb-item-content\"><p><em><\/p>\n<div class=\"big\">\n<h1>\u00bfC\u00d3MO LLEGAR?<\/h1>\n<p>Desde la Plaza Jemaa el Fna. Sit\u00faese en ella y localice el famoso Caf\u00e9 Argana. Ad\u00e9ntrese en el zoco dejando dicho caf\u00e9 a la derecha y cruzando la peque\u00f1a place de Bab Fteuh por su lado izquierdo.  Frente a usted encontrar\u00e1 una calle cubierta con una estructura en madera y metal, la Rue de Mouassine. Deber\u00e1 seguir recto, por ella, durante 200 metros hasta que, frente a usted, encuentre el Caf\u00e9 des Bouganvilles y la calle se bifurque a izquierda o derecha. Gire entonces a mano izquierda tomando la Rue Sidi el Yamani. A 30 metros encontrar\u00e1 una farmacia. 10 metros m\u00e1s all\u00e1, a mano derecha encontrar\u00e1 Derb Snan flanquedo por un arco. Esa es nuestra calle. Ad\u00e9ntrese por ella siguiendo los n\u00fameros de las casas que encuentre siempre en la pared de la derecha y en el n\u00famero 13, justo al lado de una vistosa puerta verde, le estaremos esperando.<\/p><\/div>\n<p><\/em><\/p>\n<\/div>\n<\/div>\n<\/div><!-- \/.lpb-page-item -->\n<div class=\"lpb-col-6 lpb-page-item has-bg\" id=\"map_snan\"><!-- .lpb-page-item -->\n\n<div class=\"lpb-item-image alignment-center\">\n\t\t\t<a href=\"https:\/\/riadsnan13.com\/Snan13-map.pdf\">\n\t\n\t<img width=\"555\" height=\"570\" src=\"https:\/\/i0.wp.com\/riadsnan13.com\/wp-content\/uploads\/2017\/10\/Snan-13-Map.jpg?fit=555%2C570&amp;ssl=1\" class=\"attachment-full size-full\" alt=\"\" srcset=\"https:\/\/i0.wp.com\/riadsnan13.com\/wp-content\/uploads\/2017\/10\/Snan-13-Map.jpg?w=555&amp;ssl=1 555w, https:\/\/i0.wp.com\/riadsnan13.com\/wp-content\/uploads\/2017\/10\/Snan-13-Map.jpg?resize=292%2C300&amp;ssl=1 292w\" sizes=\"(max-width: 555px) 100vw, 555px\" \/>\n\t\t\t<\/a>\n\t\n<\/div>\n<\/div><!-- \/.lpb-page-item -->\n<\/div><!-- \/.lpb-row -->\n<\/div><!-- \/.lpb-container -->\n<\/div><!-- \/.lpb-page-row -->\n\n<\/div><!-- \/.lpb-section -->\n\n","protected":false},"excerpt":{"rendered":"<p>\u00bfD\u00d3NDE ESTAMOS? Nos encontramos en Mouassine. El barrio m\u00e1s tradicional y antiguo de Marrakech. A 100 metros de la entrada de los espectaculares zocos de Marrakech y a 4 minutos del centro neur\u00e1lgico de la Medina: La Place Jemaa el Fna. De ah\u00ed que consideremos el Riad Snan13 un verdadero oasis de paz en medio [&hellip;]<\/p>\n","protected":false},"author":1,"featured_media":0,"parent":0,"menu_order":0,"comment_status":"closed","ping_status":"closed","template":"","meta":{"nf_dc_page":"","inline_featured_image":false,"footnotes":""},"class_list":["post-1405","page","type-page","status-publish","hentry"],"jetpack_sharing_enabled":true,"_links":{"self":[{"href":"https:\/\/riadsnan13.com\/es\/wp-json\/wp\/v2\/pages\/1405","targetHints":{"allow":["GET"]}}],"collection":[{"href":"https:\/\/riadsnan13.com\/es\/wp-json\/wp\/v2\/pages"}],"about":[{"href":"https:\/\/riadsnan13.com\/es\/wp-json\/wp\/v2\/types\/page"}],"author":[{"embeddable":true,"href":"https:\/\/riadsnan13.com\/es\/wp-json\/wp\/v2\/users\/1"}],"replies":[{"embeddable":true,"href":"https:\/\/riadsnan13.com\/es\/wp-json\/wp\/v2\/comments?post=1405"}],"version-history":[{"count":5,"href":"https:\/\/riadsnan13.com\/es\/wp-json\/wp\/v2\/pages\/1405\/revisions"}],"predecessor-version":[{"id":1906,"href":"https:\/\/riadsnan13.com\/es\/wp-json\/wp\/v2\/pages\/1405\/revisions\/1906"}],"wp:attachment":[{"href":"https:\/\/riadsnan13.com\/es\/wp-json\/wp\/v2\/media?parent=1405"}],"curies":[{"name":"wp","href":"https:\/\/api.w.org\/{rel}","templated":true}]}}