{"id":1416,"date":"2017-07-02T12:43:54","date_gmt":"2017-07-02T12:43:54","guid":{"rendered":"http:\/\/riadsnan13.com\/services\/"},"modified":"2019-11-23T09:20:16","modified_gmt":"2019-11-23T09:20:16","slug":"servicios","status":"publish","type":"page","link":"https:\/\/riadsnan13.com\/es\/servicios\/","title":{"rendered":"Servicios"},"content":{"rendered":"<div class=\"lpb-clear-section\"><\/div><!-- .lpb-clear-section -->\n\n<div class=\"lpb-section parallax-no text-dark row-stretch-default columns-gap-default equal-height-no padding-top-yes padding-bottom-yes margin-bottom-no has-bg\" style=\"background-image:url( https:\/\/i0.wp.com\/riadsnan13.com\/wp-content\/uploads\/2017\/07\/11352052_1654228958147529_1424296653_n.jpg?fit=640%2C640&#038;ssl=1 );background-repeat:no-repeat;background-position:50% 50%;background-size:cover;background-color:#dce5e4;\" id=\"blocone\" data-stretch=\"full\" data-x=\"50%\"><!-- .lpb-section -->\n\n<div class=\"lpb-page-row\"><!-- .lpb-page-row -->\n<div class=\"lpb-container\"><!-- .lpb-container -->\n<div class=\"lpb-row\"><!-- .lpb-row -->\n\n<div class=\"lpb-col-3 empty-column has-bg\" ><!-- .lpb-page-item -->\n<\/div><!-- \/.lpb-page-item -->\n<div class=\"lpb-col-6 lpb-page-item has-bg\" id=\"cuisine\"><!-- .lpb-page-item -->\n\n<div class=\"lpb-item-column\" style=\"background-color:#ffffff;padding:75px 60px;\">\n\t<div class=\"lpb-item-content\"><p><em><\/p>\n<div class=\"big\">\n<h1>NUESTRA COCINA<\/h1>\n<p>Entendemos que una estancia de calidad debe cumplir dos requisitos b\u00e1sicos: la buena cocina y el excelente descanso. Nuestro servicio de restauraci\u00f3n opta por la cocina marroqu\u00ed tradicional actualizada en niveles de exigencia y exquisitez.<\/p>\n<p>En el riad ofrecemos cenas de aut\u00e9ntica cocina tradicional adecuada a tus gustos o necesidades, en un rom\u00e1ntico y discreto entorno. Para que puedas seguir sintiendo la verdadera aventura \u00e1rabe en todos y cada uno de tus sentidos. Cenas de aut\u00e9ntica cocinera \u00e1rabe con recetas de tradici\u00f3n familiar preparadas para un tranquilo y exquisito deleite.<\/p><\/div>\n<p><\/em><\/p>\n<\/div>\n<\/div>\n<\/div><!-- \/.lpb-page-item -->\n<div class=\"lpb-col-3 empty-column has-bg\" ><!-- .lpb-page-item -->\n<\/div><!-- \/.lpb-page-item -->\n\n<\/div><!-- \/.lpb-row -->\n<\/div><!-- \/.lpb-container -->\n<\/div><!-- \/.lpb-page-row -->\n\n<\/div><!-- \/.lpb-section -->\n\n<div class=\"lpb-section parallax-no text-dark row-stretch-default columns-gap-default equal-height-no padding-top-yes padding-bottom-yes margin-bottom-no has-bg\" style=\"background-color:#ffffff;\" id=\"bloctwo\" data-stretch=\"full\" data-x=\"50%\"><!-- .lpb-section -->\n\n<div class=\"lpb-page-row\"><!-- .lpb-page-row -->\n<div class=\"lpb-container\"><!-- .lpb-container -->\n<div class=\"lpb-row\"><!-- .lpb-row -->\n\n<div class=\"lpb-col-6 lpb-page-item has-bg\" ><!-- .lpb-page-item -->\n\n<div class=\"lpb-item-column\" style=\"background-color:#f7ebe8;padding:30px 75px;\">\n\t<div class=\"lpb-item-content\"><p><em><\/p>\n<div class=\"big\">\n<h1>EXCURSIONES<\/h1>\n<p>En Snan13 podemos gestionarte excursiones y circuitos a medida para las principales ciudades del Sur de Marruecos, con un servicio a medida y personalizado para satisfacer los instintos de ocio y aventura de nuestros clientes. Siempre en un entorno de confianza y calidad.<br \/>\nEstancias en el desierto de 2 a 5 d\u00edas (Haimas en Merzouga, lodges en el palmeral de Draa o en un aut\u00e9ntico Ksar Bereber), visitas a Essaouira, circuitos por el Alto Atlas, treekings y ascensiones al monte Toubkal, o circuitos por el Sur de Marruecos programados a medida. Pide m\u00e1s informaci\u00f3n a <span style=\"color: #3366ff\"><a style=\"color: #3366ff\" href=\"mailto:info@riadsnan13.com\">info@riadsnan13.com<\/a><\/span> y nos ocuparemos de ello, sea cual sea tu necesidad.<\/div>\n<p><\/em><\/p>\n<\/div>\n<\/div>\n<\/div><!-- \/.lpb-page-item -->\n<div class=\"lpb-col-6 lpb-page-item has-bg\" ><!-- .lpb-page-item -->\n\n<div class=\"lpb-item-column\" style=\"padding:30px 75px;\">\n\t<div class=\"lpb-item-content\"><p><em><\/p>\n<div class=\"big\">\n<h1>TRANSPORTE<\/h1>\n<p><strong>Transfer Aeropuerto<\/strong><br \/>\nNos podemos ocupar de tu acceso a\/desde el Riad a\/desde el aeropuerto. Un ch\u00f3fer de confianza y nuestro equipo del Riad se encargar\u00e1n de recogerte a tu llegada al aeropuerto o tu desplazamiento hasta \u00e9l en el d\u00eda y la hora que necesites. Solicita este servicio cuando hagas tu reserva o bien con un mail a <span style=\"color: #3366ff\"><a style=\"color: #3366ff\" href=\"mailto:info@riadsnan13.com\">info@riadsnan13.com<\/a><\/span>,indicando tu hora y vuelo de llegada y\/o partida.<\/p>\n<p><strong>Servicio de Taxis<\/strong><br \/>\nDisponemos de taxis de confianza para cortos y largos desplazamientos alrededor de Marrakech, ideales para excursiones y visitas de uno o varios d\u00edas, seg\u00fan las necesidades de nuestros clientes. Te gestionaremos lo que necesites.<\/div>\n<p><\/em><\/p>\n<\/div>\n<\/div>\n<\/div><!-- \/.lpb-page-item -->\n\n<\/div><!-- \/.lpb-row -->\n<\/div><!-- \/.lpb-container -->\n<\/div><!-- \/.lpb-page-row -->\n\n<div class=\"lpb-page-row\"><!-- .lpb-page-row -->\n<div class=\"lpb-container\"><!-- .lpb-container -->\n<div class=\"lpb-row\"><!-- .lpb-row -->\n\n<div class=\"lpb-col-6 lpb-page-item has-bg\" ><!-- .lpb-page-item -->\n\n<div class=\"lpb-item-column\" style=\"padding:30px 75px;\">\n\t<div class=\"lpb-item-content\"><p><em><\/p>\n<div class=\"big\">\n<h1>Reservas de Restaurantes<\/h1>\n<p>\u00bfNecesita reservar alg\u00fan restaurante en especial durante su estancia? Nosotros nos ocuparemos de ello. Una vez est\u00e9 en el riad, h\u00e1ganos saber sus preferencias y gestionaremos sus reservas en cualquiera de los muchos restaurantes de dentro o fuera de la medina. Haremos todo lo que est\u00e9 en nuestras manos para que no s\u00f3lo su estancia sino tambi\u00e9n sus comidas sean lo m\u00e1s c\u00f3modas posibles. No se preocupe de nada. No pierda su tiempo. S\u00f3lo disfrute.<\/p><\/div>\n<p><\/em><\/p>\n<\/div>\n<\/div>\n<\/div><!-- \/.lpb-page-item -->\n<div class=\"lpb-col-6 lpb-page-item has-bg\" ><!-- .lpb-page-item -->\n\n<div class=\"lpb-item-column\" style=\"background-color:#fbf5f1;padding:30px 75px;\">\n\t<div class=\"lpb-item-content\"><p><em><\/p>\n<div class=\"big\">\n<h1>ALQUILER DEL TODO EL RIAD EN EXCLUSIVIDAD<\/h1>\n<p><strong>Todo el Riad 2 noches (m\u00ednimo requerido)<\/strong><br \/>\n(M\u00e1ximo 12 Personas \/6 Hab.)<br \/>\n\u00bfUna ocasi\u00f3n especial para celebrar con su familia o amigos? Disfr\u00fatelo alquilando todo el Riad en exclusividad. S\u00f3lo para ustedes.<br \/>\nPara m\u00e1s informaciones y fechas disponibles cont\u00e1ctenos<\/p>\n<p><a href=\"http:\/\/riadsnan13.net\/\/contact\/\" class=\"button normal\">Contact us<\/a><br \/>\n<\/br><\/p>\n<\/div>\n<\/div>\n<\/div><!-- \/.lpb-page-item -->\n<\/div><!-- \/.lpb-row -->\n<\/div><!-- \/.lpb-container -->\n<\/div><!-- \/.lpb-page-row -->\n\n<\/div><!-- \/.lpb-section -->\n\n","protected":false},"excerpt":{"rendered":"<p>NUESTRA COCINA Entendemos que una estancia de calidad debe cumplir dos requisitos b\u00e1sicos: la buena cocina y el excelente descanso. Nuestro servicio de restauraci\u00f3n opta por la cocina marroqu\u00ed tradicional actualizada en niveles de exigencia y exquisitez. En el riad ofrecemos cenas de aut\u00e9ntica cocina tradicional adecuada a tus gustos o necesidades, en un rom\u00e1ntico [&hellip;]<\/p>\n","protected":false},"author":1,"featured_media":0,"parent":0,"menu_order":0,"comment_status":"closed","ping_status":"closed","template":"","meta":{"nf_dc_page":"","inline_featured_image":false,"footnotes":""},"class_list":["post-1416","page","type-page","status-publish","hentry"],"jetpack_sharing_enabled":true,"_links":{"self":[{"href":"https:\/\/riadsnan13.com\/es\/wp-json\/wp\/v2\/pages\/1416","targetHints":{"allow":["GET"]}}],"collection":[{"href":"https:\/\/riadsnan13.com\/es\/wp-json\/wp\/v2\/pages"}],"about":[{"href":"https:\/\/riadsnan13.com\/es\/wp-json\/wp\/v2\/types\/page"}],"author":[{"embeddable":true,"href":"https:\/\/riadsnan13.com\/es\/wp-json\/wp\/v2\/users\/1"}],"replies":[{"embeddable":true,"href":"https:\/\/riadsnan13.com\/es\/wp-json\/wp\/v2\/comments?post=1416"}],"version-history":[{"count":5,"href":"https:\/\/riadsnan13.com\/es\/wp-json\/wp\/v2\/pages\/1416\/revisions"}],"predecessor-version":[{"id":3095,"href":"https:\/\/riadsnan13.com\/es\/wp-json\/wp\/v2\/pages\/1416\/revisions\/3095"}],"wp:attachment":[{"href":"https:\/\/riadsnan13.com\/es\/wp-json\/wp\/v2\/media?parent=1416"}],"curies":[{"name":"wp","href":"https:\/\/api.w.org\/{rel}","templated":true}]}}