{"id":1428,"date":"2016-08-25T13:29:19","date_gmt":"2016-08-25T13:29:19","guid":{"rendered":"http:\/\/riadsnan13.com\/riad\/"},"modified":"2018-03-29T10:10:58","modified_gmt":"2018-03-29T10:10:58","slug":"el-riad","status":"publish","type":"page","link":"https:\/\/riadsnan13.com\/es\/el-riad\/","title":{"rendered":"El Riad"},"content":{"rendered":"<div class=\"lpb-clear-section\"><\/div><!-- .lpb-clear-section -->\n\n<div class=\"lpb-section parallax-no text-dark row-stretch-default columns-gap-default equal-height-no padding-top-no padding-bottom-no margin-bottom-yes has-bg\" style=\"background-color:#ffffff;\"  data-stretch=\"full\" data-x=\"50%\"><!-- .lpb-section -->\n\n<div class=\"lpb-page-row\"><!-- .lpb-page-row -->\n<div class=\"lpb-container\"><!-- .lpb-container -->\n<div class=\"lpb-row\"><!-- .lpb-row -->\n\n<div class=\"lpb-col-12 lpb-page-item has-bg\" ><!-- .lpb-page-item -->\n\n<div class=\"lpb-item-image alignment-center\">\n\t\n\t<img width=\"1170\" height=\"567\" src=\"https:\/\/i0.wp.com\/riadsnan13.com\/wp-content\/uploads\/2016\/08\/the_riad.png?fit=1170%2C567&amp;ssl=1\" class=\"attachment-full size-full\" alt=\"\" srcset=\"https:\/\/i0.wp.com\/riadsnan13.com\/wp-content\/uploads\/2016\/08\/the_riad.png?w=1170&amp;ssl=1 1170w, https:\/\/i0.wp.com\/riadsnan13.com\/wp-content\/uploads\/2016\/08\/the_riad.png?resize=300%2C145&amp;ssl=1 300w, https:\/\/i0.wp.com\/riadsnan13.com\/wp-content\/uploads\/2016\/08\/the_riad.png?resize=768%2C372&amp;ssl=1 768w, https:\/\/i0.wp.com\/riadsnan13.com\/wp-content\/uploads\/2016\/08\/the_riad.png?resize=1024%2C496&amp;ssl=1 1024w\" sizes=\"(max-width: 700px) 100vw, 700px\" \/>\n\t\n<\/div>\n<\/div><!-- \/.lpb-page-item -->\n\n<\/div><!-- \/.lpb-row -->\n<\/div><!-- \/.lpb-container -->\n<\/div><!-- \/.lpb-page-row -->\n\n<div class=\"lpb-page-row\"><!-- .lpb-page-row -->\n<div class=\"lpb-container\"><!-- .lpb-container -->\n<div class=\"lpb-row\"><!-- .lpb-row -->\n\n<div class=\"lpb-col-3 empty-column has-bg\" ><!-- .lpb-page-item -->\n<\/div><!-- \/.lpb-page-item -->\n<div class=\"lpb-col-6 lpb-page-item has-bg\" ><!-- .lpb-page-item -->\n\n<div class=\"lpb-item-column\" >\n\t<div class=\"lpb-item-content\"><div style=\"text-align: center\">\n<h2>Riad-hotel boutique en Marrakech<\/h2>\n<div class=\"big\">Toma un antiguo riad marroqu\u00ed, renu\u00e9valo aplicando claridad, simplicidad y un toque de la nueva arquitectura \u00e1rabe, y tendr\u00e1s Riad Snan13. Riad-hotel boutique situado en el barrio de Mouassine, a dos minutos de la entrada de los zocos de Marrakech. <\/p>\n<p>El riad le ofrece 1 gran Suite y 5 habitaciones dobles, todas ellas con su atractivo \u00fanico y especial, cuidadas hasta el \u00faltimo detalle. Un patio con piscina. Un sal\u00f3n comedor. Dos espacios chill-out para la mejor relajaci\u00f3n y una terraza panor\u00e1mica con magn\u00edficas vistas sobre la Medina de Marrakech, la Koutubia y el palacio Dar el Bacha. Este peque\u00f1o rinc\u00f3n de paz en el centro de la medina, es uno de los secretos de Marrakech mejor guardados.<\/p><\/div>\n<\/div>\n<\/div>\n<\/div>\n<\/div><!-- \/.lpb-page-item -->\n<div class=\"lpb-col-3 empty-column has-bg\" ><!-- .lpb-page-item -->\n<\/div><!-- \/.lpb-page-item -->\n\n<\/div><!-- \/.lpb-row -->\n<\/div><!-- \/.lpb-container -->\n<\/div><!-- \/.lpb-page-row -->\n\n<\/div><!-- \/.lpb-section -->\n\n<div class=\"lpb-section parallax-no text-dark row-stretch-default columns-gap-default equal-height-no padding-top-yes padding-bottom-yes margin-bottom-no has-bg\" style=\"background-color:#f7eee8;\"  data-stretch=\"full\" data-x=\"50%\"><!-- .lpb-section -->\n\n<div class=\"lpb-page-row\"><!-- .lpb-page-row -->\n<div class=\"lpb-container\"><!-- .lpb-container -->\n<div class=\"lpb-row\"><!-- .lpb-row -->\n\n<div class=\"lpb-col-6 lpb-page-item has-bg\" ><!-- .lpb-page-item -->\n\n<div class=\"lpb-item-column\" style=\"padding:75px 60px;\">\n\t<div class=\"lpb-item-content\"><p><em><\/p>\n<div class=\"big\">\n<h1>El Patio Marrakchi<\/h1>\n<p>El Patio siempre ha sido el centro de vida de los Riads de Marrakech. Nosotros hemos hecho de \u00e9l un espacio com\u00fan, pero a la vez \u00edntimo y tranquilo. Donde poder relajarse tomando un ba\u00f1o en la peque\u00f1a piscina, conversar con la compa\u00f1\u00eda de un t\u00e9 o simplemente leer en la tranquilidad y discreci\u00f3n de nuestro Bho\u00fa tradicional marroqu\u00ed. Nuestro patio central es un espacio abierto donde poder disfrutar de la luz y las sombras en una tranquila tarde \"marrakchi\".<\/p><\/div>\n<p><\/em><\/p>\n<\/div>\n<\/div>\n<\/div><!-- \/.lpb-page-item -->\n<div class=\"lpb-col-6 lpb-page-item has-bg\" ><!-- .lpb-page-item -->\n\n\t\t<div class=\"flexslider\" data-speed=\"7000\" style=\"max-width:\">\n\t\t\t<ul class=\"slides\">\n\t\t\t\t\n\t\t\t\t\t<li>\n\t\t\t\t\t\t<img width=\"555\" height=\"500\" src=\"https:\/\/i0.wp.com\/riadsnan13.com\/wp-content\/uploads\/2016\/08\/flower-patio-snan13.png?fit=555%2C500&amp;ssl=1\" class=\"attachment-full size-full\" alt=\"\" \/>\t\t\t\t\t<\/li>\n\n\t\t\t\t\n\t\t\t\t\t<li>\n\t\t\t\t\t\t<img width=\"555\" height=\"500\" src=\"https:\/\/i0.wp.com\/riadsnan13.com\/wp-content\/uploads\/2016\/08\/palm-patio-snan13.png?fit=555%2C500&amp;ssl=1\" class=\"attachment-full size-full\" alt=\"\" \/>\t\t\t\t\t<\/li>\n\n\t\t\t\t\n\t\t\t\t\t<li>\n\t\t\t\t\t\t<img width=\"555\" height=\"500\" src=\"https:\/\/i0.wp.com\/riadsnan13.com\/wp-content\/uploads\/2016\/08\/pool-patio-snan13.png?fit=555%2C500&amp;ssl=1\" class=\"attachment-full size-full\" alt=\"\" \/>\t\t\t\t\t<\/li>\n\n\t\t\t\t\n\t\t\t\t\t<li>\n\t\t\t\t\t\t<img width=\"555\" height=\"500\" src=\"https:\/\/i0.wp.com\/riadsnan13.com\/wp-content\/uploads\/2016\/08\/patio-snan13-1.png?fit=555%2C500&amp;ssl=1\" class=\"attachment-full size-full\" alt=\"\" \/>\t\t\t\t\t<\/li>\n\n\t\t\t\t\t\t\t<\/ul>\n\t\t<\/div>\n\t<\/div><!-- \/.lpb-page-item -->\n\n<\/div><!-- \/.lpb-row -->\n<\/div><!-- \/.lpb-container -->\n<\/div><!-- \/.lpb-page-row -->\n\n<div class=\"lpb-page-row\"><!-- .lpb-page-row -->\n<div class=\"lpb-container\"><!-- .lpb-container -->\n<div class=\"lpb-row\"><!-- .lpb-row -->\n\n<div class=\"lpb-col-6 lpb-page-item has-bg\" ><!-- .lpb-page-item -->\n\n\t\t<div class=\"flexslider\" data-speed=\"7000\" style=\"max-width:\">\n\t\t\t<ul class=\"slides\">\n\t\t\t\t\n\t\t\t\t\t<li>\n\t\t\t\t\t\t<img width=\"555\" height=\"500\" src=\"https:\/\/i0.wp.com\/riadsnan13.com\/wp-content\/uploads\/2016\/08\/patio-snan13-terrace-1.png?fit=555%2C500&amp;ssl=1\" class=\"attachment-full size-full\" alt=\"\" \/>\t\t\t\t\t<\/li>\n\n\t\t\t\t\n\t\t\t\t\t<li>\n\t\t\t\t\t\t<img width=\"555\" height=\"500\" src=\"https:\/\/i0.wp.com\/riadsnan13.com\/wp-content\/uploads\/2016\/08\/patio-snan13-terrace-2.png?fit=555%2C500&amp;ssl=1\" class=\"attachment-full size-full\" alt=\"\" \/>\t\t\t\t\t<\/li>\n\n\t\t\t\t\n\t\t\t\t\t<li>\n\t\t\t\t\t\t<img width=\"555\" height=\"500\" src=\"https:\/\/i0.wp.com\/riadsnan13.com\/wp-content\/uploads\/2016\/08\/patio-snan-13-1.png?fit=555%2C500&amp;ssl=1\" class=\"attachment-full size-full\" alt=\"\" \/>\t\t\t\t\t<\/li>\n\n\t\t\t\t\n\t\t\t\t\t<li>\n\t\t\t\t\t\t<img width=\"555\" height=\"500\" src=\"https:\/\/i0.wp.com\/riadsnan13.com\/wp-content\/uploads\/2016\/08\/cactus-terrace-snan13.png?fit=555%2C500&amp;ssl=1\" class=\"attachment-full size-full\" alt=\"\" \/>\t\t\t\t\t<\/li>\n\n\t\t\t\t\t\t\t<\/ul>\n\t\t<\/div>\n\t<\/div><!-- \/.lpb-page-item -->\n<div class=\"lpb-col-6 lpb-page-item has-bg\" ><!-- .lpb-page-item -->\n\n<div class=\"lpb-item-column\" style=\"padding:75px 60px;\">\n\t<div class=\"lpb-item-content\"><p><em><\/p>\n<div class=\"big\">\n<h1>La Terraza<\/h1>\n<p>Un espacio abierto desde donde contemplar la ciudad, la puesta de sol o la mezquita de la Koutoubia. Hemos habilitado un gran solarium donde disfrutar de la luz y el sol, y un espacio chillout donde desayunar, disfrutar de una tarde agradable, una rom\u00e1ntica cena, o simplemente descansar en tranquilidad y en plena desconexi\u00f3n.<\/p><\/div>\n<p><\/em><\/p>\n<\/div>\n<\/div>\n<\/div><!-- \/.lpb-page-item -->\n<\/div><!-- \/.lpb-row -->\n<\/div><!-- \/.lpb-container -->\n<\/div><!-- \/.lpb-page-row -->\n\n<\/div><!-- \/.lpb-section -->\n\n","protected":false},"excerpt":{"rendered":"<p>Riad-hotel boutique en Marrakech Toma un antiguo riad marroqu\u00ed, renu\u00e9valo aplicando claridad, simplicidad y un toque de la nueva arquitectura \u00e1rabe, y tendr\u00e1s Riad Snan13. Riad-hotel boutique situado en el barrio de Mouassine, a dos minutos de la entrada de los zocos de Marrakech. El riad le ofrece 1 gran Suite y 5 habitaciones dobles, [&hellip;]<\/p>\n","protected":false},"author":1,"featured_media":0,"parent":0,"menu_order":0,"comment_status":"closed","ping_status":"closed","template":"","meta":{"nf_dc_page":"","inline_featured_image":false,"footnotes":""},"class_list":["post-1428","page","type-page","status-publish","hentry"],"jetpack_sharing_enabled":true,"_links":{"self":[{"href":"https:\/\/riadsnan13.com\/es\/wp-json\/wp\/v2\/pages\/1428","targetHints":{"allow":["GET"]}}],"collection":[{"href":"https:\/\/riadsnan13.com\/es\/wp-json\/wp\/v2\/pages"}],"about":[{"href":"https:\/\/riadsnan13.com\/es\/wp-json\/wp\/v2\/types\/page"}],"author":[{"embeddable":true,"href":"https:\/\/riadsnan13.com\/es\/wp-json\/wp\/v2\/users\/1"}],"replies":[{"embeddable":true,"href":"https:\/\/riadsnan13.com\/es\/wp-json\/wp\/v2\/comments?post=1428"}],"version-history":[{"count":5,"href":"https:\/\/riadsnan13.com\/es\/wp-json\/wp\/v2\/pages\/1428\/revisions"}],"predecessor-version":[{"id":1661,"href":"https:\/\/riadsnan13.com\/es\/wp-json\/wp\/v2\/pages\/1428\/revisions\/1661"}],"wp:attachment":[{"href":"https:\/\/riadsnan13.com\/es\/wp-json\/wp\/v2\/media?parent=1428"}],"curies":[{"name":"wp","href":"https:\/\/api.w.org\/{rel}","templated":true}]}}