{"id":1473,"date":"2018-03-05T11:46:56","date_gmt":"2018-03-05T11:46:56","guid":{"rendered":"http:\/\/riadsnan13.com\/?page_id=1473"},"modified":"2022-06-17T22:37:05","modified_gmt":"2022-06-17T22:37:05","slug":"habitaciones","status":"publish","type":"page","link":"https:\/\/riadsnan13.com\/es\/habitaciones\/","title":{"rendered":"Habitaciones"},"content":{"rendered":"<div class=\"lpb-clear-section\"><\/div><!-- .lpb-clear-section -->\n\n<div class=\"lpb-page-row\"><!-- .lpb-page-row -->\n<div class=\"lpb-container\"><!-- .lpb-container -->\n<div class=\"lpb-row\"><!-- .lpb-row -->\n\n<div class=\"lpb-col-3 lpb-page-item has-bg\" ><!-- .lpb-page-item -->\n\n<div class=\"lpb-item-column\" >\n\t<div class=\"lpb-item-content\"><h2>DESCRIPCI\u00d3N<\/h2>\n<\/div>\n<\/div>\n<\/div><!-- \/.lpb-page-item -->\n<div class=\"lpb-col-9 lpb-page-item has-bg\" ><!-- .lpb-page-item -->\n\n<div class=\"lpb-item-column\" >\n\t<div class=\"lpb-item-content\"><p>Habitaci\u00f3n de 42-m2 situada en la primera planta del riad con una bonita vista sobre el patio principal del riad. La habitaci\u00f3n m\u00e1s amplia y luminosa del riad. Recomendada para clientes que buscan algo realmente especial, con una zona discreta y tranquila de lectura en un balc\u00f3n cerrado sobre el patio principal y decoraci\u00f3n con un toque vintage. Una bonita combinaci\u00f3n de estilos que dan un encanto especial a esta estancia. Esta habitaci\u00f3n puede ser acondicionada para ocupaci\u00f3n doble o triple; cama doble Queen\/King size (1.80 m. x 1.90 m.), sala de ba\u00f1o con ducha estilo beldi, WC separado. Aire acondicionado, Calefacci\u00f3n, y WI-FI disponible.<\/p>\n<\/div>\n<\/div>\n<\/div><!-- \/.lpb-page-item -->\n<\/div><!-- \/.lpb-row -->\n<\/div><!-- \/.lpb-container -->\n<\/div><!-- \/.lpb-page-row -->\n\n","protected":false},"excerpt":{"rendered":"<p>DESCRIPCI\u00d3N Habitaci\u00f3n de 42-m2 situada en la primera planta del riad con una bonita vista sobre el patio principal del riad. La habitaci\u00f3n m\u00e1s amplia y luminosa del riad. Recomendada para clientes que buscan algo realmente especial, con una zona discreta y tranquila de lectura en un balc\u00f3n cerrado sobre el patio principal y decoraci\u00f3n [&hellip;]<\/p>\n","protected":false},"author":1,"featured_media":0,"parent":0,"menu_order":0,"comment_status":"closed","ping_status":"closed","template":"","meta":{"nf_dc_page":"","inline_featured_image":false,"footnotes":""},"class_list":["post-1473","page","type-page","status-publish","hentry"],"jetpack_sharing_enabled":true,"_links":{"self":[{"href":"https:\/\/riadsnan13.com\/es\/wp-json\/wp\/v2\/pages\/1473","targetHints":{"allow":["GET"]}}],"collection":[{"href":"https:\/\/riadsnan13.com\/es\/wp-json\/wp\/v2\/pages"}],"about":[{"href":"https:\/\/riadsnan13.com\/es\/wp-json\/wp\/v2\/types\/page"}],"author":[{"embeddable":true,"href":"https:\/\/riadsnan13.com\/es\/wp-json\/wp\/v2\/users\/1"}],"replies":[{"embeddable":true,"href":"https:\/\/riadsnan13.com\/es\/wp-json\/wp\/v2\/comments?post=1473"}],"version-history":[{"count":6,"href":"https:\/\/riadsnan13.com\/es\/wp-json\/wp\/v2\/pages\/1473\/revisions"}],"predecessor-version":[{"id":4199,"href":"https:\/\/riadsnan13.com\/es\/wp-json\/wp\/v2\/pages\/1473\/revisions\/4199"}],"wp:attachment":[{"href":"https:\/\/riadsnan13.com\/es\/wp-json\/wp\/v2\/media?parent=1473"}],"curies":[{"name":"wp","href":"https:\/\/api.w.org\/{rel}","templated":true}]}}