{"id":1645,"date":"2017-11-10T17:42:22","date_gmt":"2017-11-10T17:42:22","guid":{"rendered":"http:\/\/riadsnan13.com\/condiciones-de-reserva\/"},"modified":"2022-11-08T10:00:23","modified_gmt":"2022-11-08T10:00:23","slug":"conditions-de-reservation","status":"publish","type":"page","link":"https:\/\/riadsnan13.com\/fr\/conditions-de-reservation\/","title":{"rendered":"Conditions de r\u00e9servation"},"content":{"rendered":"<div class=\"lpb-clear-section\"><\/div><!-- .lpb-clear-section -->\n\n<div class=\"lpb-section parallax-no text-dark row-stretch-default columns-gap-default equal-height-no padding-top-no padding-bottom-yes margin-bottom-yes has-bg\" style=\"background-color:#ffffff;\"  data-stretch=\"full\" data-x=\"50%\"><!-- .lpb-section -->\n\n<div class=\"lpb-page-row\"><!-- .lpb-page-row -->\n<div class=\"lpb-container\"><!-- .lpb-container -->\n<div class=\"lpb-row\"><!-- .lpb-row -->\n\n<div class=\"lpb-col-3 empty-column has-bg\" ><!-- .lpb-page-item -->\n<\/div><!-- \/.lpb-page-item -->\n<div class=\"lpb-col-6 lpb-page-item has-bg\" ><!-- .lpb-page-item -->\n\n<div class=\"lpb-item-column\" >\n\t<div class=\"lpb-item-content\"><p><strong>POLITIQUE DE PRIX<\/strong><\/p>\n<p>Nos prix doivent \u00eatre consid\u00e9r\u00e9s par chambre et nuit, avec une occupation d\u2019une ou deux personnes et le petit d\u00e9jeuner, IVA de 10% inclus et en excluant la taxe communale et touristique. Une taxe communale de s\u00e9jour de 15dh par nuit et par personne devra \u00eatre ajout\u00e9e au tarif de la chambre, ainsi que la Taxe de Promotion Touristique de 11dh par nuit et par personne, c\u2019est \u00e0 dire, un  total de 2,4 \u20ac. Ces taxes seront renvers\u00e9es int\u00e8grement \u00e0 la Commune de Marrakech et \u00e0 l\u2019Office National Marocain du Tourisme.<\/p>\n<p><strong>POLITIQUE D\u2019ANNULATION<\/strong><\/p>\n<p>Apr\u00e8s que nous ayons not\u00e9 les donn\u00e9es de votre carte de cr\u00e9dit, la r\u00e9servation peut \u00eatre annul\u00e9e jusqu\u2019\u00e0 15 jours avant du jour d\u2019arriv\u00e9e sans que cela implique des d\u00e9penses d\u2019annulation.Snan13 aura le droit de charger le 50% du prix total de votre r\u00e9servation si l\u2019annulation est faite pendant les 15 jours avant votre arriv\u00e9e ou dans le cas o\u00f9 vous ne soyez pas l\u00e0 le jour pr\u00e9vu. No show fee : 50% du total de votre r\u00e9servation. Sortie avanc\u00e9e : 50% de la r\u00e9servation annul\u00e9e. Toutes les r\u00e9servations devront \u00eatre garanties par une carte de cr\u00e9dit valable.<\/p>\n<p>Dans le cas o\u00f9, pour une raison technique, une chambre r\u00e9serv\u00e9e ne serait plus disponible, Riad Snan13 attribuera au client une autre chambre de m\u00eame cat\u00e9gorie ou sup\u00e9rieure, en maintenant le m\u00eame prix et informera pr\u00e9alablement le client dudit changement.<\/p>\n<\/div>\n<\/div>\n<\/div><!-- \/.lpb-page-item -->\n<div class=\"lpb-col-3 empty-column has-bg\" ><!-- .lpb-page-item -->\n<\/div><!-- \/.lpb-page-item -->\n<\/div><!-- \/.lpb-row -->\n<\/div><!-- \/.lpb-container -->\n<\/div><!-- \/.lpb-page-row -->\n\n<\/div><!-- \/.lpb-section -->\n\n","protected":false},"excerpt":{"rendered":"<p>POLITIQUE DE PRIX Nos prix doivent \u00eatre consid\u00e9r\u00e9s par chambre et nuit, avec une occupation d\u2019une ou deux personnes et le petit d\u00e9jeuner, IVA de 10% inclus et en excluant la taxe communale et touristique. Une taxe communale de s\u00e9jour de 15dh par nuit et par personne devra \u00eatre ajout\u00e9e au tarif de la chambre, [&hellip;]<\/p>\n","protected":false},"author":1,"featured_media":0,"parent":0,"menu_order":0,"comment_status":"closed","ping_status":"closed","template":"","meta":{"nf_dc_page":"","inline_featured_image":false,"footnotes":""},"class_list":["post-1645","page","type-page","status-publish","hentry"],"jetpack_sharing_enabled":true,"_links":{"self":[{"href":"https:\/\/riadsnan13.com\/fr\/wp-json\/wp\/v2\/pages\/1645","targetHints":{"allow":["GET"]}}],"collection":[{"href":"https:\/\/riadsnan13.com\/fr\/wp-json\/wp\/v2\/pages"}],"about":[{"href":"https:\/\/riadsnan13.com\/fr\/wp-json\/wp\/v2\/types\/page"}],"author":[{"embeddable":true,"href":"https:\/\/riadsnan13.com\/fr\/wp-json\/wp\/v2\/users\/1"}],"replies":[{"embeddable":true,"href":"https:\/\/riadsnan13.com\/fr\/wp-json\/wp\/v2\/comments?post=1645"}],"version-history":[{"count":3,"href":"https:\/\/riadsnan13.com\/fr\/wp-json\/wp\/v2\/pages\/1645\/revisions"}],"predecessor-version":[{"id":1650,"href":"https:\/\/riadsnan13.com\/fr\/wp-json\/wp\/v2\/pages\/1645\/revisions\/1650"}],"wp:attachment":[{"href":"https:\/\/riadsnan13.com\/fr\/wp-json\/wp\/v2\/media?parent=1645"}],"curies":[{"name":"wp","href":"https:\/\/api.w.org\/{rel}","templated":true}]}}