{"id":1664,"date":"2016-08-25T13:29:19","date_gmt":"2016-08-25T13:29:19","guid":{"rendered":"http:\/\/riadsnan13.com\/riad\/"},"modified":"2018-04-18T13:46:50","modified_gmt":"2018-04-18T13:46:50","slug":"le-riad","status":"publish","type":"page","link":"https:\/\/riadsnan13.com\/fr\/le-riad\/","title":{"rendered":"Le Riad"},"content":{"rendered":"<div class=\"lpb-clear-section\"><\/div><!-- .lpb-clear-section -->\n\n<div class=\"lpb-section parallax-no text-dark row-stretch-default columns-gap-default equal-height-no padding-top-no padding-bottom-no margin-bottom-yes has-bg\" style=\"background-color:#ffffff;\"  data-stretch=\"full\" data-x=\"50%\"><!-- .lpb-section -->\n\n<div class=\"lpb-page-row\"><!-- .lpb-page-row -->\n<div class=\"lpb-container\"><!-- .lpb-container -->\n<div class=\"lpb-row\"><!-- .lpb-row -->\n\n<div class=\"lpb-col-12 lpb-page-item has-bg\" ><!-- .lpb-page-item -->\n\n<div class=\"lpb-item-image alignment-center\">\n\t\n\t<img width=\"1170\" height=\"567\" src=\"https:\/\/i0.wp.com\/riadsnan13.com\/wp-content\/uploads\/2016\/08\/the_riad.png?fit=1170%2C567&amp;ssl=1\" class=\"attachment-full size-full\" alt=\"\" srcset=\"https:\/\/i0.wp.com\/riadsnan13.com\/wp-content\/uploads\/2016\/08\/the_riad.png?w=1170&amp;ssl=1 1170w, https:\/\/i0.wp.com\/riadsnan13.com\/wp-content\/uploads\/2016\/08\/the_riad.png?resize=300%2C145&amp;ssl=1 300w, https:\/\/i0.wp.com\/riadsnan13.com\/wp-content\/uploads\/2016\/08\/the_riad.png?resize=768%2C372&amp;ssl=1 768w, https:\/\/i0.wp.com\/riadsnan13.com\/wp-content\/uploads\/2016\/08\/the_riad.png?resize=1024%2C496&amp;ssl=1 1024w\" sizes=\"(max-width: 700px) 100vw, 700px\" \/>\n\t\n<\/div>\n<\/div><!-- \/.lpb-page-item -->\n\n<\/div><!-- \/.lpb-row -->\n<\/div><!-- \/.lpb-container -->\n<\/div><!-- \/.lpb-page-row -->\n\n<div class=\"lpb-page-row\"><!-- .lpb-page-row -->\n<div class=\"lpb-container\"><!-- .lpb-container -->\n<div class=\"lpb-row\"><!-- .lpb-row -->\n\n<div class=\"lpb-col-3 empty-column has-bg\" ><!-- .lpb-page-item -->\n<\/div><!-- \/.lpb-page-item -->\n<div class=\"lpb-col-6 lpb-page-item has-bg\" ><!-- .lpb-page-item -->\n\n<div class=\"lpb-item-column\" >\n\t<div class=\"lpb-item-content\"><div style=\"text-align: center\">\n<h2>Riad h\u00f4tel-boutique \u00e0 Marrakech<\/h2>\n<div class=\"big\">Vous prenez un riad marocain, vous le r\u00e9novez dans un style marocain moderne, et vous avez Riad Snan13. Ce petit h\u00f4tel-boutique est situ\u00e9 \u00e0 Mouassine, \u00e0 quelques pas de l'entr\u00e9e du souk de Marrakech.<\/p>\n<p>Le riad vous offre une grande Suite et 5 chambres doubles, chacune d\u2019elles avec son propre charme unique et sp\u00e9cial, toutes soign\u00e9es jusqu\u2019au moindre d\u00e9tail. Un patio avec piscine. Un salon-salle \u00e0 manger. Deux espaces chill-out pour un meilleur relax et une terrasse panoramique avec de magnifiques vues sur la M\u00e9dina de Marrakech, la Koutubia et le palais Dar el Bacha. Riad Snan13 est un des secrets le mieux gard\u00e9, de qui\u00e9tude et style, que l'on peut s'offrir.<\/p><\/div>\n<\/div>\n<\/div>\n<\/div>\n<\/div><!-- \/.lpb-page-item -->\n<div class=\"lpb-col-3 empty-column has-bg\" ><!-- .lpb-page-item -->\n<\/div><!-- \/.lpb-page-item -->\n\n<\/div><!-- \/.lpb-row -->\n<\/div><!-- \/.lpb-container -->\n<\/div><!-- \/.lpb-page-row -->\n\n<\/div><!-- \/.lpb-section -->\n\n<div class=\"lpb-section parallax-no text-dark row-stretch-default columns-gap-default equal-height-no padding-top-yes padding-bottom-yes margin-bottom-no has-bg\" style=\"background-color:#f7eee8;\"  data-stretch=\"full\" data-x=\"50%\"><!-- .lpb-section -->\n\n<div class=\"lpb-page-row\"><!-- .lpb-page-row -->\n<div class=\"lpb-container\"><!-- .lpb-container -->\n<div class=\"lpb-row\"><!-- .lpb-row -->\n\n<div class=\"lpb-col-6 lpb-page-item has-bg\" id=\"court-id\"><!-- .lpb-page-item -->\n\n<div class=\"lpb-item-column\" style=\"padding:75px 60px;\">\n\t<div class=\"lpb-item-content\"><p><em><\/p>\n<div class=\"big\">\n<h1>Le Patio marrakchi<\/h1>\n<p>Le Patio a toujours \u00e9t\u00e9 le centre de la vie des Riads de Marrakech. Nous, nous avons r\u00e9ussi \u00e0 en faire un espace commun mais en m\u00eame temps intime et tranquille. O\u00f9 pouvoir se d\u00e9tendre en prenant un bain \u00e0 la piscine, causer en compagnie d\u2019un th\u00e9 ou simplement lire dans le calme et la discr\u00e9tion de notre Bho\u00fa traditionnel marocain. Notre patio est un espace ouvert o\u00f9 profiter quand la lumi\u00e8re et les ombres jouent dans un paisible \"marrakch\u00ed\" apr\u00e8s-midi.<\/p><\/div>\n<p><\/em><\/p>\n<\/div>\n<\/div>\n<\/div><!-- \/.lpb-page-item -->\n<div class=\"lpb-col-6 lpb-page-item has-bg\" ><!-- .lpb-page-item -->\n\n\t\t<div class=\"flexslider\" data-speed=\"7000\" style=\"max-width:\">\n\t\t\t<ul class=\"slides\">\n\t\t\t\t\n\t\t\t\t\t<li>\n\t\t\t\t\t\t<img width=\"555\" height=\"500\" src=\"https:\/\/i0.wp.com\/riadsnan13.com\/wp-content\/uploads\/2016\/08\/flower-patio-snan13.png?fit=555%2C500&amp;ssl=1\" class=\"attachment-full size-full\" alt=\"\" \/>\t\t\t\t\t<\/li>\n\n\t\t\t\t\n\t\t\t\t\t<li>\n\t\t\t\t\t\t<img width=\"555\" height=\"500\" src=\"https:\/\/i0.wp.com\/riadsnan13.com\/wp-content\/uploads\/2016\/08\/palm-patio-snan13.png?fit=555%2C500&amp;ssl=1\" class=\"attachment-full size-full\" alt=\"\" \/>\t\t\t\t\t<\/li>\n\n\t\t\t\t\n\t\t\t\t\t<li>\n\t\t\t\t\t\t<img width=\"555\" height=\"500\" src=\"https:\/\/i0.wp.com\/riadsnan13.com\/wp-content\/uploads\/2016\/08\/pool-patio-snan13.png?fit=555%2C500&amp;ssl=1\" class=\"attachment-full size-full\" alt=\"\" \/>\t\t\t\t\t<\/li>\n\n\t\t\t\t\n\t\t\t\t\t<li>\n\t\t\t\t\t\t<img width=\"555\" height=\"500\" src=\"https:\/\/i0.wp.com\/riadsnan13.com\/wp-content\/uploads\/2016\/08\/patio-snan13-1.png?fit=555%2C500&amp;ssl=1\" class=\"attachment-full size-full\" alt=\"\" \/>\t\t\t\t\t<\/li>\n\n\t\t\t\t\t\t\t<\/ul>\n\t\t<\/div>\n\t<\/div><!-- \/.lpb-page-item -->\n\n<\/div><!-- \/.lpb-row -->\n<\/div><!-- \/.lpb-container -->\n<\/div><!-- \/.lpb-page-row -->\n\n<div class=\"lpb-page-row\"><!-- .lpb-page-row -->\n<div class=\"lpb-container\"><!-- .lpb-container -->\n<div class=\"lpb-row\"><!-- .lpb-row -->\n\n<div class=\"lpb-col-6 lpb-page-item has-bg\" ><!-- .lpb-page-item -->\n\n\t\t<div class=\"flexslider\" data-speed=\"7000\" style=\"max-width:\">\n\t\t\t<ul class=\"slides\">\n\t\t\t\t\n\t\t\t\t\t<li>\n\t\t\t\t\t\t<img width=\"555\" height=\"500\" src=\"https:\/\/i0.wp.com\/riadsnan13.com\/wp-content\/uploads\/2016\/08\/patio-snan13-terrace-1.png?fit=555%2C500&amp;ssl=1\" class=\"attachment-full size-full\" alt=\"\" \/>\t\t\t\t\t<\/li>\n\n\t\t\t\t\n\t\t\t\t\t<li>\n\t\t\t\t\t\t<img width=\"555\" height=\"500\" src=\"https:\/\/i0.wp.com\/riadsnan13.com\/wp-content\/uploads\/2016\/08\/patio-snan13-terrace-2.png?fit=555%2C500&amp;ssl=1\" class=\"attachment-full size-full\" alt=\"\" \/>\t\t\t\t\t<\/li>\n\n\t\t\t\t\n\t\t\t\t\t<li>\n\t\t\t\t\t\t<img width=\"555\" height=\"500\" src=\"https:\/\/i0.wp.com\/riadsnan13.com\/wp-content\/uploads\/2016\/08\/patio-snan-13-1.png?fit=555%2C500&amp;ssl=1\" class=\"attachment-full size-full\" alt=\"\" \/>\t\t\t\t\t<\/li>\n\n\t\t\t\t\n\t\t\t\t\t<li>\n\t\t\t\t\t\t<img width=\"555\" height=\"500\" src=\"https:\/\/i0.wp.com\/riadsnan13.com\/wp-content\/uploads\/2016\/08\/cactus-terrace-snan13.png?fit=555%2C500&amp;ssl=1\" class=\"attachment-full size-full\" alt=\"\" \/>\t\t\t\t\t<\/li>\n\n\t\t\t\t\t\t\t<\/ul>\n\t\t<\/div>\n\t<\/div><!-- \/.lpb-page-item -->\n<div class=\"lpb-col-6 lpb-page-item has-bg\" ><!-- .lpb-page-item -->\n\n<div class=\"lpb-item-column\" style=\"padding:75px 60px;\">\n\t<div class=\"lpb-item-content\"><p><em><\/p>\n<div class=\"big\">\n<h1>La Terrasse<\/h1>\n<p>Un espace ouvert d\u2019o\u00f9 pouvoir contempler la ville, le coucher de soleil ou la mosqu\u00e9e de la Koutoubia. Nous avons am\u00e9nag\u00e9 un grand solarium o\u00f9 profiter de la lumi\u00e8re et du soleil, et un espace chillout o\u00f9 prendre le petit d\u00e9jeuner, profiter d\u2019un agr\u00e9able apr\u00e8s-midi, un d\u00eener romantique, ou simplement se reposer dans le calme.<\/p><\/div>\n<p><\/em><\/p>\n<\/div>\n<\/div>\n<\/div><!-- \/.lpb-page-item -->\n<\/div><!-- \/.lpb-row -->\n<\/div><!-- \/.lpb-container -->\n<\/div><!-- \/.lpb-page-row -->\n\n<\/div><!-- \/.lpb-section -->\n\n","protected":false},"excerpt":{"rendered":"<p>Riad h\u00f4tel-boutique \u00e0 Marrakech Vous prenez un riad marocain, vous le r\u00e9novez dans un style marocain moderne, et vous avez Riad Snan13. Ce petit h\u00f4tel-boutique est situ\u00e9 \u00e0 Mouassine, \u00e0 quelques pas de l&#8217;entr\u00e9e du souk de Marrakech. Le riad vous offre une grande Suite et 5 chambres doubles, chacune d\u2019elles avec son propre charme [&hellip;]<\/p>\n","protected":false},"author":1,"featured_media":0,"parent":0,"menu_order":0,"comment_status":"closed","ping_status":"closed","template":"","meta":{"nf_dc_page":"","inline_featured_image":false,"footnotes":""},"class_list":["post-1664","page","type-page","status-publish","hentry"],"jetpack_sharing_enabled":true,"_links":{"self":[{"href":"https:\/\/riadsnan13.com\/fr\/wp-json\/wp\/v2\/pages\/1664","targetHints":{"allow":["GET"]}}],"collection":[{"href":"https:\/\/riadsnan13.com\/fr\/wp-json\/wp\/v2\/pages"}],"about":[{"href":"https:\/\/riadsnan13.com\/fr\/wp-json\/wp\/v2\/types\/page"}],"author":[{"embeddable":true,"href":"https:\/\/riadsnan13.com\/fr\/wp-json\/wp\/v2\/users\/1"}],"replies":[{"embeddable":true,"href":"https:\/\/riadsnan13.com\/fr\/wp-json\/wp\/v2\/comments?post=1664"}],"version-history":[{"count":5,"href":"https:\/\/riadsnan13.com\/fr\/wp-json\/wp\/v2\/pages\/1664\/revisions"}],"predecessor-version":[{"id":1758,"href":"https:\/\/riadsnan13.com\/fr\/wp-json\/wp\/v2\/pages\/1664\/revisions\/1758"}],"wp:attachment":[{"href":"https:\/\/riadsnan13.com\/fr\/wp-json\/wp\/v2\/media?parent=1664"}],"curies":[{"name":"wp","href":"https:\/\/api.w.org\/{rel}","templated":true}]}}