{"id":1675,"date":"2017-10-05T15:22:48","date_gmt":"2017-10-05T15:22:48","guid":{"rendered":"http:\/\/riadsnan13.com\/location\/"},"modified":"2018-07-05T10:59:27","modified_gmt":"2018-07-05T10:59:27","slug":"situation","status":"publish","type":"page","link":"https:\/\/riadsnan13.com\/fr\/situation\/","title":{"rendered":"Situation"},"content":{"rendered":"<div class=\"lpb-clear-section\"><\/div><!-- .lpb-clear-section -->\n\n<div class=\"lpb-section parallax-no text-dark row-stretch-default columns-gap-default equal-height-no padding-top-yes padding-bottom-yes margin-bottom-no has-bg\" style=\"background-color:#fcf4ef;\"  data-stretch=\"full\" data-x=\"50%\"><!-- .lpb-section -->\n\n<div class=\"lpb-page-row\"><!-- .lpb-page-row -->\n<div class=\"lpb-container\"><!-- .lpb-container -->\n<div class=\"lpb-row\"><!-- .lpb-row -->\n\n<div class=\"lpb-col-6 lpb-page-item has-bg\" id=\"map\"><!-- .lpb-page-item -->\n\n<div class=\"map-canvas-wrapper\" data-lat=\"31.629761\" data-lng=\"-7.9906976\" data-zoom=\"15\" data-marker=\"marker-yes\">\n\n\t<div class=\"map-canvas normal\"><\/div>\n\n<\/div>\n<\/div><!-- \/.lpb-page-item -->\n<div class=\"lpb-col-6 lpb-page-item has-bg\" ><!-- .lpb-page-item -->\n\n<div class=\"lpb-item-column\" style=\"padding:0px 60px;\">\n\t<div class=\"lpb-item-content\"><p><em><\/p>\n<div class=\"big\">\n<h1>O\u00d9 NOUS TROUVER?<\/h1>\n<p>Nous sommes dans le Mouassine. Le quartier le plus traditionnel et ancien de Marrakech.<br \/>\n\u00c0 100 m\u00e8tres de l\u2019entr\u00e9e des souks spectaculaires de Marrakech et a 4 minutes du centre n\u00e9vralgique de la M\u00e9dina, la Place Jemaa el Fna. C\u2019est pourquoi nous consid\u00e9rons le Riad Snan13 une vraie oasis de paix au milieu du brouhaha.<br \/>\nSnan13 est tr\u00e8s bien communiqu\u00e9 parce que nous nous trouvons \u00e0 une tr\u00e8s courte distance (300 m\u00e8tres) d\u2019une des entr\u00e9es de la M\u00e9dina, la Porte Bab Laksour. On peut arriver jusqu\u2019\u00e0 cette porte en taxis et, de l\u00e0 jusqu\u2019au Riad Snan13, il n\u2019y a qu\u2019une courte promenade de 3 minutes.<\/p><\/div>\n<p><\/em><\/p>\n<\/div>\n<\/div>\n<\/div><!-- \/.lpb-page-item -->\n\n<\/div><!-- \/.lpb-row -->\n<\/div><!-- \/.lpb-container -->\n<\/div><!-- \/.lpb-page-row -->\n\n<div class=\"lpb-page-row\"><!-- .lpb-page-row -->\n<div class=\"lpb-container\"><!-- .lpb-container -->\n<div class=\"lpb-row\"><!-- .lpb-row -->\n\n<div class=\"lpb-col-6 lpb-page-item has-bg\" ><!-- .lpb-page-item -->\n\n<div class=\"lpb-item-column\" style=\"padding:0px 60px;\">\n\t<div class=\"lpb-item-content\"><p><em><\/p>\n<div class=\"big\">\n<h1>COMMENT Y ARRIVER?<\/h1>\n<p>Une fois sur la Place Jemaa el Fna situez le c\u00e9l\u00e8bre Caf\u00e9 Argana. P\u00e9n\u00e9trez dans le souk en laissant le caf\u00e9 \u00e0 droite et en croisant la petite place de Bab Fteuh sur son c\u00f4t\u00e9 gauche. Face \u00e0 vous vous trouverez une rue couverte avec une structure en bois et en m\u00e9tal, la Rue Mouassine. Vous devrez la suivre tout droit pendant 200 metres jusqu\u2019\u00e0 ce que, face \u00e0 vous, vous rencontrerez le Caf\u00e9 des Bouganvilles et la rue qui se bifurque \u00e0 gauche et \u00e0 droite. Prenez \u00e0 gauche la Rue Sidi el Yamani. \u00c0 30 m\u00e8tres vous trouverez une pharmacie. 10 m\u00e8tres plus loin, \u00e0 droite, vous trouverez Derb Snan, flanqu\u00e9e d\u2019un arc. C\u2019est notre rue. Enfoncez-vous dans cette rue en suivant les num\u00e9ros des maisons qui se trouvent toujours sur le mur de droite et au num\u00e9ro 13, juste \u00e0 c\u00f4t\u00e9 d\u2019une voyante porte verte, nous serons l\u00e0 \u00e0 vous attendre.<\/p><\/div>\n<p><\/em><\/p>\n<\/div>\n<\/div>\n<\/div><!-- \/.lpb-page-item -->\n<div class=\"lpb-col-6 lpb-page-item has-bg\" id=\"map_snan\"><!-- .lpb-page-item -->\n\n<div class=\"lpb-item-image alignment-center\">\n\t\t\t<a href=\"https:\/\/riadsnan13.com\/Snan13-map.pdf\">\n\t\n\t<img width=\"555\" height=\"570\" src=\"https:\/\/i0.wp.com\/riadsnan13.com\/wp-content\/uploads\/2017\/10\/Snan-13-Map.jpg?fit=555%2C570&amp;ssl=1\" class=\"attachment-full size-full\" alt=\"\" srcset=\"https:\/\/i0.wp.com\/riadsnan13.com\/wp-content\/uploads\/2017\/10\/Snan-13-Map.jpg?w=555&amp;ssl=1 555w, https:\/\/i0.wp.com\/riadsnan13.com\/wp-content\/uploads\/2017\/10\/Snan-13-Map.jpg?resize=292%2C300&amp;ssl=1 292w\" sizes=\"(max-width: 555px) 100vw, 555px\" \/>\n\t\t\t<\/a>\n\t\n<\/div>\n<\/div><!-- \/.lpb-page-item -->\n<\/div><!-- \/.lpb-row -->\n<\/div><!-- \/.lpb-container -->\n<\/div><!-- \/.lpb-page-row -->\n\n<\/div><!-- \/.lpb-section -->\n\n","protected":false},"excerpt":{"rendered":"<p>O\u00d9 NOUS TROUVER? Nous sommes dans le Mouassine. Le quartier le plus traditionnel et ancien de Marrakech. \u00c0 100 m\u00e8tres de l\u2019entr\u00e9e des souks spectaculaires de Marrakech et a 4 minutes du centre n\u00e9vralgique de la M\u00e9dina, la Place Jemaa el Fna. C\u2019est pourquoi nous consid\u00e9rons le Riad Snan13 une vraie oasis de paix au [&hellip;]<\/p>\n","protected":false},"author":1,"featured_media":0,"parent":0,"menu_order":0,"comment_status":"closed","ping_status":"closed","template":"","meta":{"nf_dc_page":"","inline_featured_image":false,"footnotes":""},"class_list":["post-1675","page","type-page","status-publish","hentry"],"jetpack_sharing_enabled":true,"_links":{"self":[{"href":"https:\/\/riadsnan13.com\/fr\/wp-json\/wp\/v2\/pages\/1675","targetHints":{"allow":["GET"]}}],"collection":[{"href":"https:\/\/riadsnan13.com\/fr\/wp-json\/wp\/v2\/pages"}],"about":[{"href":"https:\/\/riadsnan13.com\/fr\/wp-json\/wp\/v2\/types\/page"}],"author":[{"embeddable":true,"href":"https:\/\/riadsnan13.com\/fr\/wp-json\/wp\/v2\/users\/1"}],"replies":[{"embeddable":true,"href":"https:\/\/riadsnan13.com\/fr\/wp-json\/wp\/v2\/comments?post=1675"}],"version-history":[{"count":5,"href":"https:\/\/riadsnan13.com\/fr\/wp-json\/wp\/v2\/pages\/1675\/revisions"}],"predecessor-version":[{"id":1905,"href":"https:\/\/riadsnan13.com\/fr\/wp-json\/wp\/v2\/pages\/1675\/revisions\/1905"}],"wp:attachment":[{"href":"https:\/\/riadsnan13.com\/fr\/wp-json\/wp\/v2\/media?parent=1675"}],"curies":[{"name":"wp","href":"https:\/\/api.w.org\/{rel}","templated":true}]}}