{"id":1683,"date":"2018-03-05T11:46:56","date_gmt":"2018-03-05T11:46:56","guid":{"rendered":"http:\/\/riadsnan13.com\/rooms\/"},"modified":"2022-06-17T22:37:18","modified_gmt":"2022-06-17T22:37:18","slug":"les-chambres","status":"publish","type":"page","link":"https:\/\/riadsnan13.com\/fr\/les-chambres\/","title":{"rendered":"Chambres"},"content":{"rendered":"<div class=\"lpb-clear-section\"><\/div><!-- .lpb-clear-section -->\n\n<div class=\"lpb-page-row\"><!-- .lpb-page-row -->\n<div class=\"lpb-container\"><!-- .lpb-container -->\n<div class=\"lpb-row\"><!-- .lpb-row -->\n\n<div class=\"lpb-col-3 lpb-page-item has-bg\" ><!-- .lpb-page-item -->\n\n<div class=\"lpb-item-column\" >\n\t<div class=\"lpb-item-content\"><h2>Description de la chambre<\/h2>\n<\/div>\n<\/div>\n<\/div><!-- \/.lpb-page-item -->\n<div class=\"lpb-col-9 lpb-page-item has-bg\" ><!-- .lpb-page-item -->\n\n<div class=\"lpb-item-column\" >\n\t<div class=\"lpb-item-content\"><p>Une chambre de 42-m2 am\u00e9nag\u00e9e au preimer \u00e9tage avec des belles vues sur le patio principal du riad. Cette pi\u00e8ce est la plus grande de la maison. Tr\u00e8s spacieuse et pleine de lumi\u00e8re \u00e0 chaque coin. Nous l'offrons \u00e0 nos clients seulement quand ils recherchent quelque chose de vraiment sp\u00e9cial. Avec une zone de lecture discr\u00e8te dans un balcon ferm\u00e9 sur le patio principal et meubles de style ancien. Une belle combinaison de styles qui donne un charme particulier \u00e0 votre s\u00e9jour. Cette suite peut \u00eatre d\u00e9finie comme une chambre double ou une chambre triple. c: Lit Queen \/ King size (1,80 mx 1,90 m.), salle de bain avec douche en tadelakt style \"Beldi\", WC s\u00e9par\u00e9. Climatisation, chauffage et WI-FI disponibles.<\/p>\n<\/div>\n<\/div>\n<\/div><!-- \/.lpb-page-item -->\n<\/div><!-- \/.lpb-row -->\n<\/div><!-- \/.lpb-container -->\n<\/div><!-- \/.lpb-page-row -->\n\n","protected":false},"excerpt":{"rendered":"<p>Description de la chambre Une chambre de 42-m2 am\u00e9nag\u00e9e au preimer \u00e9tage avec des belles vues sur le patio principal du riad. Cette pi\u00e8ce est la plus grande de la maison. Tr\u00e8s spacieuse et pleine de lumi\u00e8re \u00e0 chaque coin. Nous l&#8217;offrons \u00e0 nos clients seulement quand ils recherchent quelque chose de vraiment sp\u00e9cial. Avec [&hellip;]<\/p>\n","protected":false},"author":1,"featured_media":0,"parent":0,"menu_order":0,"comment_status":"closed","ping_status":"closed","template":"","meta":{"nf_dc_page":"","inline_featured_image":false,"footnotes":""},"class_list":["post-1683","page","type-page","status-publish","hentry"],"jetpack_sharing_enabled":true,"_links":{"self":[{"href":"https:\/\/riadsnan13.com\/fr\/wp-json\/wp\/v2\/pages\/1683","targetHints":{"allow":["GET"]}}],"collection":[{"href":"https:\/\/riadsnan13.com\/fr\/wp-json\/wp\/v2\/pages"}],"about":[{"href":"https:\/\/riadsnan13.com\/fr\/wp-json\/wp\/v2\/types\/page"}],"author":[{"embeddable":true,"href":"https:\/\/riadsnan13.com\/fr\/wp-json\/wp\/v2\/users\/1"}],"replies":[{"embeddable":true,"href":"https:\/\/riadsnan13.com\/fr\/wp-json\/wp\/v2\/comments?post=1683"}],"version-history":[{"count":3,"href":"https:\/\/riadsnan13.com\/fr\/wp-json\/wp\/v2\/pages\/1683\/revisions"}],"predecessor-version":[{"id":1812,"href":"https:\/\/riadsnan13.com\/fr\/wp-json\/wp\/v2\/pages\/1683\/revisions\/1812"}],"wp:attachment":[{"href":"https:\/\/riadsnan13.com\/fr\/wp-json\/wp\/v2\/media?parent=1683"}],"curies":[{"name":"wp","href":"https:\/\/api.w.org\/{rel}","templated":true}]}}