{"id":1686,"date":"2017-07-02T12:43:54","date_gmt":"2017-07-02T12:43:54","guid":{"rendered":"http:\/\/riadsnan13.com\/services\/"},"modified":"2019-11-23T09:17:44","modified_gmt":"2019-11-23T09:17:44","slug":"nos-services","status":"publish","type":"page","link":"https:\/\/riadsnan13.com\/fr\/nos-services\/","title":{"rendered":"Nos services"},"content":{"rendered":"<div class=\"lpb-clear-section\"><\/div><!-- .lpb-clear-section -->\n\n<div class=\"lpb-section parallax-no text-dark row-stretch-default columns-gap-default equal-height-no padding-top-yes padding-bottom-yes margin-bottom-no has-bg\" style=\"background-image:url( https:\/\/i0.wp.com\/riadsnan13.com\/wp-content\/uploads\/2017\/07\/11352052_1654228958147529_1424296653_n.jpg?fit=640%2C640&#038;ssl=1 );background-repeat:no-repeat;background-position:50% 50%;background-size:cover;background-color:#dce5e4;\" id=\"blocone\" data-stretch=\"full\" data-x=\"50%\"><!-- .lpb-section -->\n\n<div class=\"lpb-page-row\"><!-- .lpb-page-row -->\n<div class=\"lpb-container\"><!-- .lpb-container -->\n<div class=\"lpb-row\"><!-- .lpb-row -->\n\n<div class=\"lpb-col-3 empty-column has-bg\" ><!-- .lpb-page-item -->\n<\/div><!-- \/.lpb-page-item -->\n<div class=\"lpb-col-6 lpb-page-item has-bg\" id=\"cuisine\"><!-- .lpb-page-item -->\n\n<div class=\"lpb-item-column\" style=\"background-color:#ffffff;padding:75px 60px;\">\n\t<div class=\"lpb-item-content\"><p><em><\/p>\n<div class=\"big\">\n<h1>NOTRE CUISINE<\/h1>\n<p>Nous croyons qu'un s\u00e9jour sp\u00e9cial doit r\u00e9pondre \u00e0 deux exigences fondamentales: une nourriture exquise et un excellent repos. Notre service traiteur propose une cuisine marocaine traditionnelle mise \u00e0 jour pour r\u00e9pondre \u00e0 des normes de qualit\u00e9 tr\u00e8s \u00e9lev\u00e9es. Dans le riad, nous offrons des d\u00eeners de cuisine traditionnelle authentique adapt\u00e9e \u00e0 vos go\u00fbts et besoins, dans un environnement romantique et discret, pour que vous puissiez sentir la vraie aventure arabe \u00e0 travers chacun de vos sens.  Notre objectif est de ne jamais cesser de vous faire sentir comme la star de votre propre aventure marocaine pendant tout votre s\u00e9jour. Nos d\u00eeners sont pr\u00e9par\u00e9s par un chef marocain qui cuisine selon des recettes authentiques, transmises par la famille, pr\u00e9par\u00e9es pour ravir et satisfaire votre palais.<\/p><\/div>\n<p><\/em><\/p>\n<\/div>\n<\/div>\n<\/div><!-- \/.lpb-page-item -->\n<div class=\"lpb-col-3 empty-column has-bg\" ><!-- .lpb-page-item -->\n<\/div><!-- \/.lpb-page-item -->\n\n<\/div><!-- \/.lpb-row -->\n<\/div><!-- \/.lpb-container -->\n<\/div><!-- \/.lpb-page-row -->\n\n<\/div><!-- \/.lpb-section -->\n\n<div class=\"lpb-section parallax-no text-dark row-stretch-default columns-gap-default equal-height-no padding-top-yes padding-bottom-yes margin-bottom-no has-bg\" style=\"background-color:#ffffff;\" id=\"bloctwo\" data-stretch=\"full\" data-x=\"50%\"><!-- .lpb-section -->\n\n<div class=\"lpb-page-row\"><!-- .lpb-page-row -->\n<div class=\"lpb-container\"><!-- .lpb-container -->\n<div class=\"lpb-row\"><!-- .lpb-row -->\n\n<div class=\"lpb-col-6 lpb-page-item has-bg\" ><!-- .lpb-page-item -->\n\n<div class=\"lpb-item-column\" style=\"background-color:#f7ebe8;padding:30px 75px;\">\n\t<div class=\"lpb-item-content\"><p><em><\/p>\n<div class=\"big\">\n<h1>EXCURSIONS<\/h1>\n<p>Au Snan13 nous pouvons vous organiser des excursions et des circuits \u00e0 travers les principales villes du Sud du Maroc, avec un service \u00e0 votre mesure et personnalis\u00e9 pour satisfaire les envies de d\u00e9lassement et d\u2019aventure de nos clients. Toujours dans un environnement de confiance et de qualit\u00e9.<br \/>\nS\u00e9jours dans le d\u00e9sert de 2 \u00e0 5 jours (Haimes \u00e0 Merxouga, lodges dans la palmeraie de Draa ou un autenthique Ksar Berreber), visites \u00e0 Essaouira, circuits vers le Haut Atlas, treekings et mont\u00e9es au mont Toubkal, ou circuits au Sud du Maroc programm\u00e9s sur mesure. Demandez plus de renseignements \u00e0 <span style=\"color: #3366ff\"><a style=\"color: #3366ff\" href=\"mailto:info@riadsnan13.com\">info@riadsnan13.com<\/a><\/span> et nous nous occuperons de vous, quel que soit votre besoin.<\/div>\n<p><\/em><\/p>\n<\/div>\n<\/div>\n<\/div><!-- \/.lpb-page-item -->\n<div class=\"lpb-col-6 lpb-page-item has-bg\" ><!-- .lpb-page-item -->\n\n<div class=\"lpb-item-column\" style=\"padding:30px 75px;\">\n\t<div class=\"lpb-item-content\"><p><em><\/p>\n<div class=\"big\">\n<h1>D\u00c9PLACEMENTS<\/h1>\n<p><strong>Transfer A\u00e9roport<\/strong><br \/>\nNous pouvons nous occuper de votre acc\u00e8s au\/du Riad depuis\/\u00e0 l\u2019a\u00e9roport.<br \/>\nUn chauffeur de notre confiance et notre \u00e9quipe au Riad s\u2019occupera de vous attendre \u00e0 votre arriv\u00e9e \u00e0 l\u2019a\u00e9roport ou de votre d\u00e9placement vers celui-ci, le jour et \u00e0 l\u2019heure voulus. Demandez ce service lors de votre r\u00e9servation ou bien avec un mail \u00e0 <span style=\"color: #3366ff\"><a style=\"color: #3366ff\" href=\"mailto:info@riadsnan13.com\">info@riadsnan13.com<\/a><\/span>, en nous indiquant l\u2019heure et le vol d\u2019arriv\u00e9e et\/ou de d\u00e9part.<\/p>\n<p><strong>Service de taxi<\/strong><br \/>\nNous disposons de taxis de notre confiance pour des d\u00e9placements courts et longs aux alentours de Marrakech, parfaits pour des excursions et des visites d\u2019une ou de plusieurs journ\u00e9es selon les besoins de nos clients. Nous ferons les d\u00e9marches n\u00e9cessaires \u00e0 vos besoins.<\/div>\n<p><\/em><\/p>\n<\/div>\n<\/div>\n<\/div><!-- \/.lpb-page-item -->\n\n<\/div><!-- \/.lpb-row -->\n<\/div><!-- \/.lpb-container -->\n<\/div><!-- \/.lpb-page-row -->\n\n<div class=\"lpb-page-row\"><!-- .lpb-page-row -->\n<div class=\"lpb-container\"><!-- .lpb-container -->\n<div class=\"lpb-row\"><!-- .lpb-row -->\n\n<div class=\"lpb-col-6 lpb-page-item has-bg\" ><!-- .lpb-page-item -->\n\n<div class=\"lpb-item-column\" style=\"padding:30px 75px;\">\n\t<div class=\"lpb-item-content\"><p><em><\/p>\n<div class=\"big\">\n<h1>R\u00e9server un restaurant<\/h1>\n<p>Besoin de r\u00e9server un restaurant sp\u00e9cial pendant votre s\u00e9jour? Nous allons le g\u00e9rer. Une fois que vous \u00eates au riad, faites-nous savoir vos pr\u00e9f\u00e9rences et nous g\u00e8rerons vos r\u00e9servations dans l'un des nombreux restaurants \u00e0 l'int\u00e9rieur ou \u00e0 l'ext\u00e9rieur de la m\u00e9dina. Nous ferons de notre mieux pour rendre votre s\u00e9jour et vos repas dans la ville aussi facile que possible. Pas de soucis du tout. Ne perdez pas votre temps. Tout simplement profiter. <\/p><\/div>\n<p><\/em><\/p>\n<\/div>\n<\/div>\n<\/div><!-- \/.lpb-page-item -->\n<div class=\"lpb-col-6 lpb-page-item has-bg\" ><!-- .lpb-page-item -->\n\n<div class=\"lpb-item-column\" style=\"background-color:#fbf5f1;padding:30px 75px;\">\n\t<div class=\"lpb-item-content\"><p><em><\/p>\n<div class=\"big\">\n<h1>LOCATION DU RIAD EN EXCLUSIVIT\u00c9<\/h1>\n<p>Une occasion sp\u00e9ciale \u00e0 c\u00e9l\u00e9brer avec votre famille ou vos amis? Profitez-en en louant le riad en exclusivit\u00e9. Juste pour vous tous. (Le s\u00e9jour m\u00ednimum requis pour la location en exclusivit\u00e9 est 2 nuits. Maximum 12 personnes et 6 chambres)<\/p>\n<p>Pour plus d'infos, tarifs et disponibilit\u00e9 contactez-nous.<a href=\"http:\/\/riadsnan13.net\/\/contact\/\" class=\"button normal\">Contacter<\/a><br \/>\n<\/br><\/p>\n<\/div>\n<\/div>\n<\/div><!-- \/.lpb-page-item -->\n<\/div><!-- \/.lpb-row -->\n<\/div><!-- \/.lpb-container -->\n<\/div><!-- \/.lpb-page-row -->\n\n<\/div><!-- \/.lpb-section -->\n\n","protected":false},"excerpt":{"rendered":"<p>NOTRE CUISINE Nous croyons qu&#8217;un s\u00e9jour sp\u00e9cial doit r\u00e9pondre \u00e0 deux exigences fondamentales: une nourriture exquise et un excellent repos. Notre service traiteur propose une cuisine marocaine traditionnelle mise \u00e0 jour pour r\u00e9pondre \u00e0 des normes de qualit\u00e9 tr\u00e8s \u00e9lev\u00e9es. Dans le riad, nous offrons des d\u00eeners de cuisine traditionnelle authentique adapt\u00e9e \u00e0 vos go\u00fbts [&hellip;]<\/p>\n","protected":false},"author":1,"featured_media":0,"parent":0,"menu_order":0,"comment_status":"closed","ping_status":"closed","template":"","meta":{"nf_dc_page":"","inline_featured_image":false,"footnotes":""},"class_list":["post-1686","page","type-page","status-publish","hentry"],"jetpack_sharing_enabled":true,"_links":{"self":[{"href":"https:\/\/riadsnan13.com\/fr\/wp-json\/wp\/v2\/pages\/1686","targetHints":{"allow":["GET"]}}],"collection":[{"href":"https:\/\/riadsnan13.com\/fr\/wp-json\/wp\/v2\/pages"}],"about":[{"href":"https:\/\/riadsnan13.com\/fr\/wp-json\/wp\/v2\/types\/page"}],"author":[{"embeddable":true,"href":"https:\/\/riadsnan13.com\/fr\/wp-json\/wp\/v2\/users\/1"}],"replies":[{"embeddable":true,"href":"https:\/\/riadsnan13.com\/fr\/wp-json\/wp\/v2\/comments?post=1686"}],"version-history":[{"count":5,"href":"https:\/\/riadsnan13.com\/fr\/wp-json\/wp\/v2\/pages\/1686\/revisions"}],"predecessor-version":[{"id":3094,"href":"https:\/\/riadsnan13.com\/fr\/wp-json\/wp\/v2\/pages\/1686\/revisions\/3094"}],"wp:attachment":[{"href":"https:\/\/riadsnan13.com\/fr\/wp-json\/wp\/v2\/media?parent=1686"}],"curies":[{"name":"wp","href":"https:\/\/api.w.org\/{rel}","templated":true}]}}